{"id":44,"date":"2020-06-04T10:57:11","date_gmt":"2020-06-04T10:57:11","guid":{"rendered":"https:\/\/beratungsringe-weser-ems.de\/?page_id=44"},"modified":"2020-10-06T12:03:02","modified_gmt":"2020-10-06T12:03:02","slug":"schwerpunkte","status":"publish","type":"page","link":"https:\/\/beratungsringe-weser-ems.de\/index.php\/schwerpunkte\/","title":{"rendered":"Beratungsangebote"},"content":{"rendered":"<div data-colibri-id=\"44-c1\" class=\"style-445 style-local-44-c1 position-relative\">\n  <!---->\n  <div data-colibri-component=\"section\" data-colibri-id=\"44-c2\" id=\"reusable-sections\" class=\"h-section h-section-global-spacing d-flex align-items-lg-center align-items-md-center align-items-center style-450 style-local-44-c2 position-relative\">\n    <!---->\n    <!---->\n    <div class=\"h-section-grid-container h-section-boxed-container\">\n      <!---->\n      <div data-colibri-id=\"44-c3\" class=\"h-row-container gutters-row-lg-2 gutters-row-md-2 gutters-row-0 gutters-row-v-lg-2 gutters-row-v-md-2 gutters-row-v-2 style-451 style-local-44-c3 position-relative\">\n        <!---->\n        <div class=\"h-row justify-content-lg-center justify-content-md-center justify-content-center align-items-lg-stretch align-items-md-stretch align-items-stretch gutters-col-lg-2 gutters-col-md-2 gutters-col-0 gutters-col-v-lg-2 gutters-col-v-md-2 gutters-col-v-2\">\n          <!---->\n          <div class=\"h-column h-column-container d-flex h-col-lg-auto h-col-md-auto h-col-auto style-452-outer style-local-44-c4-outer\">\n            <div data-colibri-id=\"44-c4\" class=\"d-flex h-flex-basis h-column__inner h-px-lg-2 h-px-md-2 h-px-2 v-inner-lg-2 v-inner-md-2 v-inner-2 style-452 style-local-44-c4 position-relative\">\n              <!---->\n              <!---->\n              <div class=\"w-100 h-y-container h-column__content h-column__v-align flex-basis-100 align-self-lg-start align-self-md-start align-self-start\">\n                <!---->\n                <div data-colibri-id=\"44-c5\" class=\"h-global-transition-all h-heading style-453 style-local-44-c5 position-relative h-element\">\n                  <!---->\n                  <div class=\"h-heading__outer style-453 style-local-44-c5\">\n                    <!---->\n                    <!---->\n                    <h1 class=\"\">Beratungsangebote<\/h1>\n                  <\/div>\n                <\/div>\n              <\/div>\n            <\/div>\n          <\/div>\n        <\/div>\n      <\/div>\n    <\/div>\n  <\/div>\n  <div data-colibri-component=\"section\" data-colibri-id=\"44-c6\" id=\"custom-2\" class=\"h-section h-section-global-spacing d-flex align-items-lg-center align-items-md-center align-items-center style-565 style-local-44-c6 position-relative\">\n    <!---->\n    <!---->\n    <div class=\"h-section-grid-container h-section-boxed-container\">\n      <!---->\n      <div data-colibri-id=\"44-c7\" class=\"h-row-container gutters-row-lg-2 gutters-row-md-2 gutters-row-0 gutters-row-v-lg-2 gutters-row-v-md-2 gutters-row-v-2 style-566 style-local-44-c7 position-relative\">\n        <!---->\n        <div class=\"h-row justify-content-lg-center justify-content-md-center justify-content-center align-items-lg-stretch align-items-md-stretch align-items-stretch gutters-col-lg-2 gutters-col-md-2 gutters-col-0 gutters-col-v-lg-2 gutters-col-v-md-2 gutters-col-v-2\">\n          <!---->\n          <div class=\"h-column h-column-container d-flex h-col-lg-auto h-col-md-auto h-col-auto style-865-outer style-local-44-c8-outer\">\n            <div data-colibri-id=\"44-c8\" class=\"d-flex h-flex-basis h-column__inner h-px-lg-2 h-px-md-2 h-px-2 v-inner-lg-2 v-inner-md-2 v-inner-2 style-865 style-local-44-c8 position-relative\">\n              <!---->\n              <!---->\n              <div class=\"w-100 h-y-container h-column__content h-column__v-align flex-basis-100 align-self-lg-start align-self-md-start align-self-start\">\n                <!---->\n                <div data-colibri-id=\"44-c9\" class=\"h-lead h-text h-text-component style-866 style-local-44-c9 position-relative h-element\">\n                  <!---->\n                  <!---->\n                  <div class=\"\">\n                    <p>Unsere Beraterinnen und Berater in den Beratungsringen vor Ort bieten Ihnen eine Vielzahl von Beratungs- und Dienstleistungen an:<\/p>\n                    <p>\n                      <br>\n                    <\/p>\n                    <p>Betriebswirtschaftliche Beratung<\/p>\n                    <ul>\n                      <li>Buchf\u00fchrungsabschlussanalyse<\/li>\n                      <li>Betriebsvergleiche<\/li>\n                      <li>Betriebsentwicklung<\/li>\n                      <li>Betriebszweigauswertung<\/li>\n                      <li>Betriebszweigentwicklung<\/li>\n                      <li>BMS &#8211; Betriebsmanagementberatung<\/li>\n                    <\/ul>\n                    <p>\n                      <br>\n                    <\/p>\n                    <p>Finanzierung und Investitionsberatung<\/p>\n                    <ul>\n                      <li>Hilfestellung bei \u00f6ffentlichen F\u00f6rderungsma\u00dfnahmen<\/li>\n                      <li>Unterst\u00fctzung bei Baugenehmigungsverfahren<\/li>\n                      <li>Hilfe in Finanzierungsfragen<\/li>\n                    <\/ul>\n                    <p>\n                      <br>\n                    <\/p>\n                    <p>Landtechnik und Bauberatung<\/p>\n                    <ul>\n                      <li>Umbauten, Ausbauten, Neubauten<\/li>\n                      <li>Erstellung von Bauskizzen<\/li>\n                      <li>L\u00fcftungsfragen, Klimamessung<\/li>\n                      <li>Innenmechanisierung, F\u00fctterung<\/li>\n                      <li>G\u00fclletechnik, G\u00fcllelagerung<\/li>\n                      <li>Energieberatung<\/li>\n                      <li>Einsatz einer W\u00e4rmebildkamera<\/li>\n                    <\/ul>\n                    <p>\n                      <br>\n                    <\/p>\n                    <p>Produktionstechnische Beratung<\/p>\n                    <p>Tierhaltung<\/p>\n                    <ul>\n                      <li>Futter- und Rationsberechnung f\u00fcr Schweine und Rindvieh<\/li>\n                      <li>Beprobung von Futtermitteln<\/li>\n                      <li>Betriebszweigkontrolle (Schweine, Rindvieh)<\/li>\n                      <li>Sauenplaner<\/li>\n                      <li>Planung von Produktionsrhytmen<\/li>\n                      <li>Intensivberatung Milchvieh<\/li>\n                      <li>Analyse Milchkontrolldaten<\/li>\n                      <li>Marktberatung (Bezugs- und Absatzwege aufzeigen)<\/li>\n                      <li>Vorauditierung\/Begleitung im Hinblick auf QS und andere Qualtit\u00e4tsmanagementsysteme<\/li>\n                      <li>HI-Tier Meldungen<\/li>\n                    <\/ul>\n                    <p>\n                      <br>\n                    <\/p>\n                    <p>Acker-, Pflanzen- und Gartenbau<\/p>\n                    <ul>\n                      <li>D\u00fcngeplanung f\u00fcr den gesamten Betrieb<\/li>\n                      <li>N\u00e4hrstoffvergleich<\/li>\n                      <li>vegetationsbegleitende Beratung auf dem Feld<\/li>\n                      <li>Stickstoffmessung (N-Tester), pH-Wert-Messung, Bodendichtebestimmung<\/li>\n                      <li>Anbauplanung<\/li>\n                      <li>Betriebszweigauswertung Ackerbau<\/li>\n                    <\/ul>\n                    <p>\n                      <br>\n                    <\/p>\n                    <p>Weitere Aufgabenfelder<\/p>\n                    <ul>\n                      <li>Organisation von Fachvortr\u00e4gen und Seminaren<\/li>\n                      <li>Hilfe im Antragswesen (z. B. Fl\u00e4chenpr\u00e4mien, NAU, Diesel, &#8230;)<\/li>\n                      <li>GPS Fl\u00e4chenvermessung (kostenpflichtig)<\/li>\n                      <li>Hilfestellung Antibiotikadatenbank<\/li>\n                      <li>Hilfestellung Wirtschaftsd\u00fcngerdatenbank<\/li>\n                    <\/ul>\n                    <p>\n                      <br>\n                    <\/p>\n                    <p>Arbeitskreise<\/p>\n                    <ul>\n                      <li>Ferkelerzeugung<\/li>\n                      <li>Systemferkelaufzucht<\/li>\n                      <li>Schweinemast<\/li>\n                      <li>Milchvieh<\/li>\n                      <li>Fresseraufzucht<\/li>\n                      <li>Bullenmast<\/li>\n                      <li>Gefl\u00fcgelmast<\/li>\n                      <li>Legehennen<\/li>\n                      <li>Gartenbau<\/li>\n                    <\/ul>\n                    <p>\n                      <br>\n                    <\/p>\n                    <p>Erneuerbare Energien<\/p>\n                    <ul>\n                      <li>Beratung bei der Planung von Biogasanlagen<\/li>\n                      <li>Beratung bei der Planung von Holzhackschnitzelheizungen<\/li>\n                      <li>Beratung bei der Planung von Photovoltaikanlagen<\/li>\n                      <li>\u00dcberpr\u00fcfung von Photovoltaikanlagen mittels W\u00e4rmebildkamera<\/li>\n                    <\/ul>\n                    <p>\n                      <br>\n                    <\/p>\n                  <\/div>\n                <\/div>\n              <\/div>\n            <\/div>\n          <\/div>\n        <\/div>\n      <\/div>\n    <\/div>\n  <\/div>\n<\/div>","protected":false},"excerpt":{"rendered":"<p>Beratungsangebote Unsere Beraterinnen und Berater in den Beratungsringen vor Ort bieten Ihnen eine Vielzahl von Beratungs- und Dienstleistungen an: Betriebswirtschaftliche Beratung Buchf\u00fchrungsabschlussanalyse Betriebsvergleiche Betriebsentwicklung Betriebszweigauswertung Betriebszweigentwicklung BMS &#8211; Betriebsmanagementberatung Finanzierung und Investitionsberatung Hilfestellung bei \u00f6ffentlichen F\u00f6rderungsma\u00dfnahmen Unterst\u00fctzung bei Baugenehmigungsverfahren Hilfe in Finanzierungsfragen Landtechnik und Bauberatung Umbauten, Ausbauten, Neubauten Erstellung von Bauskizzen L\u00fcftungsfragen, Klimamessung Innenmechanisierung, F\u00fctterung [&hellip;]<\/p>\n","protected":false},"author":1,"featured_media":0,"parent":0,"menu_order":0,"comment_status":"closed","ping_status":"closed","template":"page-templates\/full-width-page.php","meta":{"footnotes":""},"class_list":["post-44","page","type-page","status-publish","hentry"],"_links":{"self":[{"href":"https:\/\/beratungsringe-weser-ems.de\/index.php\/wp-json\/wp\/v2\/pages\/44","targetHints":{"allow":["GET"]}}],"collection":[{"href":"https:\/\/beratungsringe-weser-ems.de\/index.php\/wp-json\/wp\/v2\/pages"}],"about":[{"href":"https:\/\/beratungsringe-weser-ems.de\/index.php\/wp-json\/wp\/v2\/types\/page"}],"author":[{"embeddable":true,"href":"https:\/\/beratungsringe-weser-ems.de\/index.php\/wp-json\/wp\/v2\/users\/1"}],"replies":[{"embeddable":true,"href":"https:\/\/beratungsringe-weser-ems.de\/index.php\/wp-json\/wp\/v2\/comments?post=44"}],"version-history":[{"count":18,"href":"https:\/\/beratungsringe-weser-ems.de\/index.php\/wp-json\/wp\/v2\/pages\/44\/revisions"}],"predecessor-version":[{"id":3289,"href":"https:\/\/beratungsringe-weser-ems.de\/index.php\/wp-json\/wp\/v2\/pages\/44\/revisions\/3289"}],"wp:attachment":[{"href":"https:\/\/beratungsringe-weser-ems.de\/index.php\/wp-json\/wp\/v2\/media?parent=44"}],"curies":[{"name":"wp","href":"https:\/\/api.w.org\/{rel}","templated":true}]}}