{"id":499,"date":"2020-06-05T10:46:21","date_gmt":"2020-06-05T10:46:21","guid":{"rendered":"https:\/\/beratungsringe-weser-ems.de\/?page_id=499"},"modified":"2020-08-05T11:00:27","modified_gmt":"2020-08-05T11:00:27","slug":"ueber-uns","status":"publish","type":"page","link":"https:\/\/beratungsringe-weser-ems.de\/index.php\/ueber-uns\/","title":{"rendered":"\u00dcber uns"},"content":{"rendered":"<div data-colibri-id=\"499-c1\" class=\"style-409 style-local-499-c1 position-relative\">\n  <!---->\n  <div data-colibri-component=\"section\" data-colibri-id=\"499-c2\" id=\"reusable-sections\" class=\"h-section h-section-global-spacing d-flex align-items-lg-center align-items-md-center align-items-center style-414 style-local-499-c2 position-relative\">\n    <!---->\n    <!---->\n    <div class=\"h-section-grid-container h-section-boxed-container\">\n      <!---->\n      <div data-colibri-id=\"499-c3\" class=\"h-row-container gutters-row-lg-2 gutters-row-md-2 gutters-row-0 gutters-row-v-lg-2 gutters-row-v-md-2 gutters-row-v-2 style-415 style-local-499-c3 position-relative\">\n        <!---->\n        <div class=\"h-row justify-content-lg-center justify-content-md-center justify-content-center align-items-lg-stretch align-items-md-stretch align-items-stretch gutters-col-lg-2 gutters-col-md-2 gutters-col-0 gutters-col-v-lg-2 gutters-col-v-md-2 gutters-col-v-2\">\n          <!---->\n          <div class=\"h-column h-column-container d-flex h-col-lg-auto h-col-md-auto h-col-auto style-416-outer style-local-499-c4-outer\">\n            <div data-colibri-id=\"499-c4\" class=\"d-flex h-flex-basis h-column__inner h-px-lg-2 h-px-md-2 h-px-2 v-inner-lg-2 v-inner-md-2 v-inner-2 style-416 style-local-499-c4 position-relative\">\n              <!---->\n              <!---->\n              <div class=\"w-100 h-y-container h-column__content h-column__v-align flex-basis-100 align-self-lg-start align-self-md-start align-self-start\">\n                <!---->\n                <div data-colibri-id=\"499-c5\" class=\"h-global-transition-all h-heading style-417 style-local-499-c5 position-relative h-element\">\n                  <!---->\n                  <div class=\"h-heading__outer style-417 style-local-499-c5\">\n                    <!---->\n                    <!---->\n                    <h1 class=\"\">\u00dcber uns<\/h1>\n                  <\/div>\n                <\/div>\n              <\/div>\n            <\/div>\n          <\/div>\n        <\/div>\n      <\/div>\n    <\/div>\n  <\/div>\n  <div data-colibri-component=\"section\" data-colibri-id=\"499-c6\" id=\"overlappable\" class=\"h-section h-section-global-spacing d-flex align-items-lg-center align-items-md-center align-items-center style-902 style-local-499-c6 position-relative\">\n    <!---->\n    <!---->\n    <div class=\"h-section-grid-container h-section-boxed-container\">\n      <!---->\n      <div data-colibri-id=\"499-c7\" class=\"h-row-container gutters-row-lg-0 gutters-row-md-0 gutters-row-2 gutters-row-v-lg-0 gutters-row-v-md-0 gutters-row-v-2 style-903 style-local-499-c7 position-relative\">\n        <!---->\n        <div class=\"h-row justify-content-lg-center justify-content-md-center justify-content-center align-items-lg-stretch align-items-md-stretch align-items-stretch gutters-col-lg-0 gutters-col-md-0 gutters-col-2 gutters-col-v-lg-0 gutters-col-v-md-0 gutters-col-v-2\">\n          <!---->\n          <div class=\"h-column h-column-container d-flex h-col-lg-4 h-col-md-4 h-col-12 style-904-outer style-local-499-c8-outer\">\n            <div data-colibri-id=\"499-c8\" class=\"d-flex h-flex-basis h-column__inner h-px-lg-3 h-px-md-3 h-px-2 v-inner-lg-3 v-inner-md-3 v-inner-2 style-904 style-local-499-c8 position-relative\">\n              <!---->\n              <!---->\n              <div class=\"w-100 h-y-container h-column__content h-column__v-align flex-basis-100 align-self-lg-center align-self-md-center align-self-center\">\n                <!---->\n                <div data-colibri-id=\"499-c9\" class=\"h-icon style-905 style-local-499-c9 position-relative h-element\">\n                  <!----><span class=\"h-svg-icon h-icon__icon style-905-icon style-local-499-c9-icon\"><!--Icon by Font Awesome (https:\/\/fontawesome.com)--><svg version=\"1.1\" xmlns=\"http:\/\/www.w3.org\/2000\/svg\" xmlns:xlink=\"http:\/\/www.w3.org\/1999\/xlink\" id=\"th-list\" viewBox=\"0 0 1792 1896.0833\"><path d=\"M512 1248v192q0 40-28 68t-68 28H96q-40 0-68-28t-28-68v-192q0-40 28-68t68-28h320q40 0 68 28t28 68zm0-512v192q0 40-28 68t-68 28H96q-40 0-68-28T0 928V736q0-40 28-68t68-28h320q40 0 68 28t28 68zm1280 512v192q0 40-28 68t-68 28H736q-40 0-68-28t-28-68v-192q0-40 28-68t68-28h960q40 0 68 28t28 68zM512 224v192q0 40-28 68t-68 28H96q-40 0-68-28T0 416V224q0-40 28-68t68-28h320q40 0 68 28t28 68zm1280 512v192q0 40-28 68t-68 28H736q-40 0-68-28t-28-68V736q0-40 28-68t68-28h960q40 0 68 28t28 68zm0-512v192q0 40-28 68t-68 28H736q-40 0-68-28t-28-68V224q0-40 28-68t68-28h960q40 0 68 28t28 68z\"><\/path><\/svg><\/span><\/div>\n                <div\n                  data-colibri-id=\"499-c10\" class=\"h-global-transition-all h-heading style-906 style-local-499-c10 position-relative h-element\">\n                  <!---->\n                  <div class=\"h-heading__outer style-906 style-local-499-c10\">\n                    <!---->\n                    <!---->\n                    <a href=\"https:\/\/beratungsringe-weser-ems.de\/index.php\/aufgaben\/\" h-use-smooth-scroll=\"true\">\n                      <h5 class=\"\">Aufgaben<\/h5>\n                    <\/a>\n                  <\/div>\n              <\/div>\n              <div data-colibri-id=\"499-c11\" class=\"h-text h-text-component style-907 style-local-499-c11 position-relative h-element\">\n                <!---->\n                <!---->\n                <div class=\"\">\n                  <p>Was die agb f\u00fcr ihre Mitglieder leistet<\/p>\n                <\/div>\n              <\/div>\n            <\/div>\n          <\/div>\n        <\/div>\n        <div class=\"h-column h-column-container d-flex h-col-lg-4 h-col-md-4 h-col-12 style-904-outer style-local-499-c12-outer\">\n          <div data-colibri-id=\"499-c12\" class=\"d-flex h-flex-basis h-column__inner h-px-lg-3 h-px-md-3 h-px-2 v-inner-lg-3 v-inner-md-3 v-inner-2 style-904 style-local-499-c12 position-relative\">\n            <!---->\n            <!---->\n            <div class=\"w-100 h-y-container h-column__content h-column__v-align flex-basis-100 align-self-lg-center align-self-md-center align-self-center\">\n              <!---->\n              <div data-colibri-id=\"499-c13\" class=\"h-icon style-905 style-local-499-c13 position-relative h-element\">\n                <!----><span class=\"h-svg-icon h-icon__icon style-905-icon style-local-499-c13-icon\"><!--Icon by Font Awesome (https:\/\/fontawesome.com)--><svg version=\"1.1\" xmlns=\"http:\/\/www.w3.org\/2000\/svg\" xmlns:xlink=\"http:\/\/www.w3.org\/1999\/xlink\" id=\"group\" viewBox=\"0 0 1920 1896.0833\"><path d=\"M593 896q-162 5-265 128H194q-82 0-138-40.5T0 865q0-353 124-353 6 0 43.5 21t97.5 42.5T384 597q67 0 133-23-5 37-5 66 0 139 81 256zm1071 637q0 120-73 189.5t-194 69.5H523q-121 0-194-69.5T256 1533q0-53 3.5-103.5t14-109T300 1212t43-97.5 62-81 85.5-53.5T602 960q10 0 43 21.5t73 48 107 48 135 21.5 135-21.5 107-48 73-48 43-21.5q61 0 111.5 20t85.5 53.5 62 81 43 97.5 26.5 108.5 14 109 3.5 103.5zM640 256q0 106-75 181t-181 75-181-75-75-181 75-181T384 0t181 75 75 181zm704 384q0 159-112.5 271.5T960 1024 688.5 911.5 576 640t112.5-271.5T960 256t271.5 112.5T1344 640zm576 225q0 78-56 118.5t-138 40.5h-134q-103-123-265-128 81-117 81-256 0-29-5-66 66 23 133 23 59 0 119-21.5t97.5-42.5 43.5-21q124 0 124 353zm-128-609q0 106-75 181t-181 75-181-75-75-181 75-181 181-75 181 75 75 181z\"><\/path><\/svg><\/span><\/div>\n              <div\n                data-colibri-id=\"499-c14\" class=\"h-global-transition-all h-heading style-906 style-local-499-c14 position-relative h-element\">\n                <!---->\n                <div class=\"h-heading__outer style-906 style-local-499-c14\">\n                  <!---->\n                  <!---->\n                  <a href=\"https:\/\/beratungsringe-weser-ems.de\/index.php\/vorstand\/\" h-use-smooth-scroll=\"true\">\n                    <h5 class=\"\">Vorstand und Beirat<\/h5>\n                  <\/a>\n                <\/div>\n            <\/div>\n            <div data-colibri-id=\"499-c15\" class=\"h-text h-text-component style-907 style-local-499-c15 position-relative h-element\">\n              <!---->\n              <!---->\n              <div class=\"\">\n                <p>F\u00fchrung des Dachverbandes<\/p>\n              <\/div>\n            <\/div>\n          <\/div>\n        <\/div>\n      <\/div>\n      <div class=\"h-column h-column-container d-flex h-col-lg-4 h-col-md-4 h-col-12 style-904-outer style-local-499-c16-outer\">\n        <div data-colibri-id=\"499-c16\" class=\"d-flex h-flex-basis h-column__inner h-px-lg-3 h-px-md-3 h-px-2 v-inner-lg-3 v-inner-md-3 v-inner-2 style-904 style-local-499-c16 position-relative\">\n          <!---->\n          <!---->\n          <div class=\"w-100 h-y-container h-column__content h-column__v-align flex-basis-100 align-self-lg-center align-self-md-center align-self-center\">\n            <!---->\n            <div data-colibri-id=\"499-c17\" class=\"h-icon style-905 style-local-499-c17 position-relative h-element\">\n              <!----><span class=\"h-svg-icon h-icon__icon style-905-icon style-local-499-c17-icon\"><!--Icon by Font Awesome (https:\/\/fontawesome.com)--><svg version=\"1.1\" xmlns=\"http:\/\/www.w3.org\/2000\/svg\" xmlns:xlink=\"http:\/\/www.w3.org\/1999\/xlink\" id=\"home\" viewBox=\"0 0 1664 1896.0833\"><path d=\"M1408 992v480q0 26-19 45t-45 19H960v-384H704v384H320q-26 0-45-19t-19-45V992q0-1 .5-3t.5-3l575-474 575 474q1 2 1 6zm223-69l-62 74q-8 9-21 11h-3q-13 0-21-7L832 424l-692 577q-12 8-24 7-13-2-21-11l-62-74q-8-10-7-23.5T37 878l719-599q32-26 76-26t76 26l244 204V288q0-14 9-23t23-9h192q14 0 23 9t9 23v408l219 182q10 8 11 21.5t-7 23.5z\"><\/path><\/svg><\/span><\/div>\n            <div\n              data-colibri-id=\"499-c18\" class=\"h-global-transition-all h-heading style-906 style-local-499-c18 position-relative h-element\">\n              <!---->\n              <div class=\"h-heading__outer style-906 style-local-499-c18\">\n                <!---->\n                <!---->\n                <a href=\"https:\/\/beratungsringe-weser-ems.de\/index.php\/geschaeftsstelle\/\" h-use-smooth-scroll=\"true\">\n                  <h5 class=\"\">Gesch\u00e4ftsstelle<\/h5>\n                <\/a>\n              <\/div>\n          <\/div>\n          <div data-colibri-id=\"499-c19\" class=\"h-text h-text-component style-907 style-local-499-c19 position-relative h-element\">\n            <!---->\n            <!---->\n            <div class=\"\">\n              <p>Ihre Ansprechpartner<\/p>\n            <\/div>\n          <\/div>\n        <\/div>\n      <\/div>\n    <\/div>\n  <\/div>\n<\/div>\n<\/div>\n<\/div>\n<\/div>","protected":false},"excerpt":{"rendered":"<p>\u00dcber uns Aufgaben Was die agb f\u00fcr ihre Mitglieder leistet Vorstand und Beirat F\u00fchrung des Dachverbandes Gesch\u00e4ftsstelle Ihre Ansprechpartner<\/p>\n","protected":false},"author":1,"featured_media":0,"parent":0,"menu_order":0,"comment_status":"closed","ping_status":"closed","template":"page-templates\/full-width-page.php","meta":{"footnotes":""},"class_list":["post-499","page","type-page","status-publish","hentry"],"_links":{"self":[{"href":"https:\/\/beratungsringe-weser-ems.de\/index.php\/wp-json\/wp\/v2\/pages\/499","targetHints":{"allow":["GET"]}}],"collection":[{"href":"https:\/\/beratungsringe-weser-ems.de\/index.php\/wp-json\/wp\/v2\/pages"}],"about":[{"href":"https:\/\/beratungsringe-weser-ems.de\/index.php\/wp-json\/wp\/v2\/types\/page"}],"author":[{"embeddable":true,"href":"https:\/\/beratungsringe-weser-ems.de\/index.php\/wp-json\/wp\/v2\/users\/1"}],"replies":[{"embeddable":true,"href":"https:\/\/beratungsringe-weser-ems.de\/index.php\/wp-json\/wp\/v2\/comments?post=499"}],"version-history":[{"count":20,"href":"https:\/\/beratungsringe-weser-ems.de\/index.php\/wp-json\/wp\/v2\/pages\/499\/revisions"}],"predecessor-version":[{"id":2516,"href":"https:\/\/beratungsringe-weser-ems.de\/index.php\/wp-json\/wp\/v2\/pages\/499\/revisions\/2516"}],"wp:attachment":[{"href":"https:\/\/beratungsringe-weser-ems.de\/index.php\/wp-json\/wp\/v2\/media?parent=499"}],"curies":[{"name":"wp","href":"https:\/\/api.w.org\/{rel}","templated":true}]}}