{"id":75,"date":"2020-06-04T11:16:14","date_gmt":"2020-06-04T11:16:14","guid":{"rendered":"https:\/\/beratungsringe-weser-ems.de\/index.php\/colibri-wp\/"},"modified":"2024-09-11T12:31:14","modified_gmt":"2024-09-11T12:31:14","slug":"colibri-wp","status":"publish","type":"page","link":"https:\/\/beratungsringe-weser-ems.de\/","title":{"rendered":"Home"},"content":{"rendered":"<div data-colibri-id=\"75-c1\" class=\"style-200 style-local-75-c1 position-relative\">\r\n  <!---->\r\n  <div data-colibri-component=\"section\" data-colibri-id=\"75-c2\" id=\"overlappable-2\" class=\"h-section h-section-global-spacing d-flex align-items-lg-center align-items-md-center align-items-center style-224 style-local-75-c2 position-relative\">\r\n    <!---->\r\n    <!---->\r\n    <div class=\"h-section-grid-container h-section-boxed-container\">\r\n      <!---->\r\n      <div data-colibri-id=\"75-c3\" class=\"h-row-container gutters-row-lg-0 gutters-row-md-0 gutters-row-2 gutters-row-v-lg-0 gutters-row-v-md-0 gutters-row-v-2 style-225 style-local-75-c3 position-relative\">\r\n        <!---->\r\n        <div class=\"h-row justify-content-lg-center justify-content-md-center justify-content-center align-items-lg-stretch align-items-md-stretch align-items-stretch gutters-col-lg-0 gutters-col-md-0 gutters-col-2 gutters-col-v-lg-0 gutters-col-v-md-0 gutters-col-v-2\">\r\n          <!---->\r\n          <div class=\"h-column h-column-container d-flex h-col-lg-4 h-col-md-4 h-col-12 style-226-outer style-local-75-c4-outer\">\r\n            <div data-colibri-id=\"75-c4\" class=\"d-flex h-flex-basis h-column__inner h-px-lg-3 h-px-md-3 h-px-2 v-inner-lg-3 v-inner-md-3 v-inner-2 style-226 style-local-75-c4 position-relative\">\r\n              <!---->\r\n              <!---->\r\n              <div class=\"w-100 h-y-container h-column__content h-column__v-align flex-basis-100 align-self-lg-start align-self-md-start align-self-start\">\r\n                <!---->\r\n                <div data-colibri-id=\"75-c5\" class=\"h-icon style-227 style-local-75-c5 position-relative h-element\">\r\n                  <!----><span class=\"h-svg-icon h-icon__icon style-227-icon style-local-75-c5-icon\"><!--Icon by Font Awesome (https:\/\/fontawesome.com)--><svg version=\"1.1\" xmlns=\"http:\/\/www.w3.org\/2000\/svg\" xmlns:xlink=\"http:\/\/www.w3.org\/1999\/xlink\" id=\"user\" viewBox=\"0 0 1354.8114 1896.0833\"><path d=\"M1280 1399q0 109-62.5 187t-150.5 78H213q-88 0-150.5-78T0 1399q0-85 8.5-160.5t31.5-152 58.5-131 94-89T327 832q131 128 313 128t313-128q76 0 134.5 34.5t94 89 58.5 131 31.5 152 8.5 160.5zm-256-887q0 159-112.5 271.5T640 896 368.5 783.5 256 512t112.5-271.5T640 128t271.5 112.5T1024 512z\"><\/path><\/svg><\/span><\/div>\r\n                <div\r\n                  data-colibri-id=\"75-c6\" class=\"h-global-transition-all h-heading style-228 style-local-75-c6 position-relative h-element\">\r\n                  <!---->\r\n                  <div class=\"h-heading__outer style-228 style-local-75-c6\">\r\n                    <!---->\r\n                    <!---->\r\n                    <h5 class=\"\">Stellenangebote<\/h5>\r\n                  <\/div>\r\n              <\/div>\r\n              <div data-colibri-id=\"75-c7\" class=\"h-text h-text-component style-229 style-local-75-c7 position-relative h-element\">\r\n                <!---->\r\n                <!---->\r\n                <div class=\"\">\r\n                  <p>Unsere Mitglieder sind st\u00e4ndig auf der Suche nach neuen Mitarbeitern. Werden Sie Teil von einem der tollen Teams!<\/p>\r\n                <\/div>\r\n              <\/div>\r\n              <div data-colibri-id=\"75-c8\" class=\"h-x-container style-230 style-local-75-c8 position-relative h-element\">\r\n                <!---->\r\n                <div class=\"h-x-container-inner style-dynamic-75-c8-group style-230-spacing style-local-75-c8-spacing\"><span class=\"h-link__outer style-231-outer style-local-75-c9-outer d-inline-flex h-element\"><a h-use-smooth-scroll=\"true\" href=\"\/\/beratungsringe-weser-ems.de\/index.php\/stellenangebote\/\"  data-colibri-id=\"75-c9\" class=\"d-flex w-100 align-items-center h-link style-231 style-local-75-c9 position-relative\"><!----><!----> <span>Zu den aktuellen Stellenangboten<\/span>                  <span class=\"h-svg-icon h-link__icon style-231-icon style-local-75-c9-icon\"><!--Icon by Icons8 Line Awesome (https:\/\/icons8.com\/line-awesome)--><svg version=\"1.1\" xmlns=\"http:\/\/www.w3.org\/2000\/svg\" xmlns:xlink=\"http:\/\/www.w3.org\/1999\/xlink\" id=\"angle-double-right\" viewBox=\"0 0 512 545.5\"><path d=\"M145.5 108.5l168 168L325 288l-11.5 11.5-168 168-22.5-23L279.5 288 123 131.5zm112 0l168 168L437 288l-11.5 11.5-168 168-22.5-23L391.5 288 235 131.5z\"><\/path><\/svg><\/span><\/a>\r\n                  <\/span>\r\n                <\/div>\r\n              <\/div>\r\n            <\/div>\r\n          <\/div>\r\n        <\/div>\r\n        <div class=\"h-column h-column-container d-flex h-col-lg-4 h-col-md-4 h-col-12 style-226-outer style-local-75-c10-outer\">\r\n          <div data-colibri-id=\"75-c10\" class=\"d-flex h-flex-basis h-column__inner h-px-lg-3 h-px-md-3 h-px-2 v-inner-lg-3 v-inner-md-3 v-inner-2 style-226 style-local-75-c10 position-relative\">\r\n            <!---->\r\n            <!---->\r\n            <div class=\"w-100 h-y-container h-column__content h-column__v-align flex-basis-100 align-self-lg-start align-self-md-start align-self-start\">\r\n              <!---->\r\n              <div data-colibri-id=\"75-c11\" class=\"h-icon style-227 style-local-75-c11 position-relative h-element\">\r\n                <!----><span class=\"h-svg-icon h-icon__icon style-227-icon style-local-75-c11-icon\"><!--Icon by Font Awesome (https:\/\/fontawesome.com)--><svg version=\"1.1\" xmlns=\"http:\/\/www.w3.org\/2000\/svg\" xmlns:xlink=\"http:\/\/www.w3.org\/1999\/xlink\" id=\"map\" viewBox=\"0 0 1792 1896.0833\"><path d=\"M512 0q13 0 22.5 9.5T544 32v1472q0 20-17 28L47 1788q-7 4-15 4-13 0-22.5-9.5T0 1760V288q0-20 17-28L497 4q7-4 15-4zm1248 0q13 0 22.5 9.5T1792 32v1472q0 20-17 28l-480 256q-7 4-15 4-13 0-22.5-9.5t-9.5-22.5V288q0-20 17-28L1745 4q7-4 15-4zM640 0q8 0 14 3l512 256q18 10 18 29v1472q0 13-9.5 22.5t-22.5 9.5q-8 0-14-3l-512-256q-18-10-18-29V32q0-13 9.5-22.5T640 0z\"><\/path><\/svg><\/span><\/div>\r\n              <div\r\n                data-colibri-id=\"75-c12\" class=\"h-global-transition-all h-heading style-228 style-local-75-c12 position-relative h-element\">\r\n                <!---->\r\n                <div class=\"h-heading__outer style-228 style-local-75-c12\">\r\n                  <!---->\r\n                  <!---->\r\n                  <h5 class=\"\">Beratung finden<\/h5>\r\n                <\/div>\r\n            <\/div>\r\n            <div data-colibri-id=\"75-c13\" class=\"h-text h-text-component style-229 style-local-75-c13 position-relative h-element\">\r\n              <!---->\r\n              <!---->\r\n              <div class=\"\">\r\n                <p>Finden Sie hier die richtige Beratung f\u00fcr Ihre Fragen zur Landwirtschaft und dem Gartenbau!<\/p>\r\n              <\/div>\r\n            <\/div>\r\n            <div data-colibri-id=\"75-c14\" class=\"h-x-container style-230 style-local-75-c14 position-relative h-element\">\r\n              <!---->\r\n              <div class=\"h-x-container-inner style-dynamic-75-c14-group style-230-spacing style-local-75-c14-spacing\"><span class=\"h-link__outer style-231-outer style-local-75-c15-outer d-inline-flex h-element\"><a h-use-smooth-scroll=\"true\" href=\"\/\/beratungsringe-weser-ems.de\/index.php\/beratung-finden\/\"  data-colibri-id=\"75-c15\" class=\"d-flex w-100 align-items-center h-link style-231 style-local-75-c15 position-relative\"><!----><!----> <span>Zu den Beratungsringen<\/span>                <span class=\"h-svg-icon h-link__icon style-231-icon style-local-75-c15-icon\"><!--Icon by Icons8 Line Awesome (https:\/\/icons8.com\/line-awesome)--><svg version=\"1.1\" xmlns=\"http:\/\/www.w3.org\/2000\/svg\" xmlns:xlink=\"http:\/\/www.w3.org\/1999\/xlink\" id=\"angle-double-right\" viewBox=\"0 0 512 545.5\"><path d=\"M145.5 108.5l168 168L325 288l-11.5 11.5-168 168-22.5-23L279.5 288 123 131.5zm112 0l168 168L437 288l-11.5 11.5-168 168-22.5-23L391.5 288 235 131.5z\"><\/path><\/svg><\/span><\/a>\r\n                <\/span>\r\n              <\/div>\r\n            <\/div>\r\n          <\/div>\r\n        <\/div>\r\n      <\/div>\r\n      <div class=\"h-column h-column-container d-flex h-col-lg-4 h-col-md-4 h-col-12 style-226-outer style-local-75-c16-outer\">\r\n        <div data-colibri-id=\"75-c16\" class=\"d-flex h-flex-basis h-column__inner h-px-lg-3 h-px-md-3 h-px-2 v-inner-lg-3 v-inner-md-3 v-inner-2 style-226 style-local-75-c16 position-relative\">\r\n          <!---->\r\n          <!---->\r\n          <div class=\"w-100 h-y-container h-column__content h-column__v-align flex-basis-100 align-self-lg-start align-self-md-start align-self-start\">\r\n            <!---->\r\n            <div data-colibri-id=\"75-c17\" class=\"h-icon style-227 style-local-75-c17 position-relative h-element\">\r\n              <!----><span class=\"h-svg-icon h-icon__icon style-227-icon style-local-75-c17-icon\"><!--Icon by Font Awesome (https:\/\/fontawesome.com)--><svg version=\"1.1\" xmlns=\"http:\/\/www.w3.org\/2000\/svg\" xmlns:xlink=\"http:\/\/www.w3.org\/1999\/xlink\" id=\"send\" viewBox=\"0 0 1792.0013 1896.0833\"><path d=\"M1764 11q33 24 27 64l-256 1536q-5 29-32 45-14 8-31 8-11 0-24-5l-453-185-242 295q-18 23-49 23-13 0-22-4-19-7-30.5-23.5T640 1728v-349l864-1059-1069 925-395-162q-37-14-40-55-2-40 32-59L1696 9q15-9 32-9 20 0 36 11z\"><\/path><\/svg><\/span><\/div>\r\n            <div\r\n              data-colibri-id=\"75-c18\" class=\"h-global-transition-all h-heading style-228 style-local-75-c18 position-relative h-element\">\r\n              <!---->\r\n              <div class=\"h-heading__outer style-228 style-local-75-c18\">\r\n                <!---->\r\n                <!---->\r\n                <h5 class=\"\">Kontakt<\/h5>\r\n              <\/div>\r\n          <\/div>\r\n          <div data-colibri-id=\"75-c19\" class=\"h-text h-text-component style-229 style-local-75-c19 position-relative h-element\">\r\n            <!---->\r\n            <!---->\r\n            <div class=\"\">\r\n              <p>Sie wollen mehr wissen oder snd auf der Suche nach einem bestimmten Ansprechpartner? Dann sprechen Sie uns an!&nbsp;<\/p>\r\n            <\/div>\r\n          <\/div>\r\n          <div data-colibri-id=\"75-c20\" class=\"h-x-container style-230 style-local-75-c20 position-relative h-element\">\r\n            <!---->\r\n            <div class=\"h-x-container-inner style-dynamic-75-c20-group style-230-spacing style-local-75-c20-spacing\"><span class=\"h-link__outer style-231-outer style-local-75-c21-outer d-inline-flex h-element\"><a h-use-smooth-scroll=\"true\" href=\"https:\/\/beratungsringe-weser-ems.de\/index.php\/kontakt-2\/\"  data-colibri-id=\"75-c21\" class=\"d-flex w-100 align-items-center h-link style-231 style-local-75-c21 position-relative\"><!----><!----> <span>Zu den Kontaktdaten<\/span>              <span class=\"h-svg-icon h-link__icon style-231-icon style-local-75-c21-icon\"><!--Icon by Icons8 Line Awesome (https:\/\/icons8.com\/line-awesome)--><svg version=\"1.1\" xmlns=\"http:\/\/www.w3.org\/2000\/svg\" xmlns:xlink=\"http:\/\/www.w3.org\/1999\/xlink\" id=\"angle-double-right\" viewBox=\"0 0 512 545.5\"><path d=\"M145.5 108.5l168 168L325 288l-11.5 11.5-168 168-22.5-23L279.5 288 123 131.5zm112 0l168 168L437 288l-11.5 11.5-168 168-22.5-23L391.5 288 235 131.5z\"><\/path><\/svg><\/span><\/a>\r\n              <\/span>\r\n            <\/div>\r\n          <\/div>\r\n        <\/div>\r\n      <\/div>\r\n    <\/div>\r\n  <\/div>\r\n<\/div>\r\n<\/div>\r\n<\/div>\r\n<div data-colibri-component=\"section\" data-colibri-id=\"75-c22\" id=\"about\" class=\"h-section h-section-global-spacing d-flex align-items-lg-center align-items-md-center align-items-center style-238 style-local-75-c22 position-relative\">\r\n  <!---->\r\n  <!---->\r\n  <div class=\"h-section-grid-container h-section-boxed-container\">\r\n    <!---->\r\n    <div data-colibri-id=\"75-c23\" class=\"h-row-container gutters-row-lg-0 gutters-row-md-0 gutters-row-0 gutters-row-v-lg-0 gutters-row-v-md-0 gutters-row-v-0 style-239 style-local-75-c23 position-relative\">\r\n      <!---->\r\n      <div class=\"h-row justify-content-lg-center justify-content-md-center justify-content-center align-items-lg-stretch align-items-md-stretch align-items-stretch gutters-col-lg-0 gutters-col-md-0 gutters-col-0 gutters-col-v-lg-0 gutters-col-v-md-0 gutters-col-v-0\">\r\n        <!---->\r\n        <div class=\"h-column h-column-container d-flex h-col-lg-auto h-col-md-auto h-col-auto style-240-outer style-local-75-c24-outer\">\r\n          <div data-colibri-id=\"75-c24\" class=\"d-flex h-flex-basis h-column__inner h-px-lg-0 h-px-md-0 h-px-0 v-inner-lg-0 v-inner-md-0 v-inner-0 style-240 style-local-75-c24 position-relative\">\r\n            <!---->\r\n            <!---->\r\n            <div class=\"w-100 h-y-container h-column__content h-column__v-align flex-basis-100 align-self-lg-start align-self-md-start align-self-start\">\r\n              <!---->\r\n              <div data-colibri-id=\"75-c25\" class=\"h-global-transition-all h-heading style-241 style-local-75-c25 position-relative h-element\">\r\n                <!---->\r\n                <div class=\"h-heading__outer style-241 style-local-75-c25\">\r\n                  <!---->\r\n                  <!---->\r\n                  <h5 class=\"\">Kurzgesagt:<\/h5>\r\n                <\/div>\r\n              <\/div>\r\n              <div data-colibri-id=\"75-c26\" class=\"h-global-transition-all h-heading style-242 style-local-75-c26 position-relative h-element\">\r\n                <!---->\r\n                <div class=\"h-heading__outer style-242 style-local-75-c26\">\r\n                  <!---->\r\n                  <!---->\r\n                  <h4 class=\"\">&#8222;Die Arbeitsgemeinschaft der Beratungsringe Weser-Ems e. V. ist der Dachverband aller Beratungsringe in Weser-Ems. Er hat den Zweck die Entwicklung der Beratungsringe in Weser-Ems zu f\u00f6rdern und Grunds\u00e4tze f\u00fcr die Ringarbeit zu erarbeiten.&#8220;<\/h4>\r\n                <\/div>\r\n              <\/div>\r\n              <div data-colibri-id=\"75-c27\" class=\"h-text h-text-component style-243 style-local-75-c27 position-relative h-element\">\r\n                <!---->\r\n                <!---->\r\n                <div class=\"\">\r\n                  <p>\r\n                    <br>\r\n                  <\/p>\r\n                  <p>\r\n                    <br>\r\n                  <\/p>\r\n                <\/div>\r\n              <\/div>\r\n            <\/div>\r\n          <\/div>\r\n        <\/div>\r\n        <div class=\"h-column h-column-container d-flex h-col-lg-auto h-col-md-auto h-col-auto style-244-outer style-local-75-c28-outer\">\r\n          <div data-colibri-id=\"75-c28\" class=\"d-flex h-flex-basis h-column__inner h-ui-empty-state-container h-px-lg-2 h-px-md-2 h-px-2 v-inner-lg-2 v-inner-md-2 v-inner-2 style-244 style-local-75-c28 position-relative\">\r\n            <!---->\r\n            <!---->\r\n            <div class=\"w-100 h-y-container h-column__content h-column__v-align flex-basis-100\">\r\n              <!---->\r\n            <\/div>\r\n          <\/div>\r\n        <\/div>\r\n      <\/div>\r\n    <\/div>\r\n  <\/div>\r\n<\/div>\r\n<div data-colibri-component=\"section\" data-colibri-id=\"75-c29\" id=\"about-2\" class=\"h-section h-section-global-spacing d-flex align-items-lg-center align-items-md-center align-items-center style-1619 style-local-75-c29 position-relative\">\r\n  <!---->\r\n  <!---->\r\n  <div class=\"h-section-grid-container h-section-boxed-container\">\r\n    <!---->\r\n    <div data-colibri-id=\"75-c30\" class=\"h-row-container gutters-row-lg-0 gutters-row-md-0 gutters-row-0 gutters-row-v-lg-0 gutters-row-v-md-0 gutters-row-v-0 style-1620 style-local-75-c30 position-relative\">\r\n      <!---->\r\n      <div class=\"h-row justify-content-lg-center justify-content-md-center justify-content-center align-items-lg-stretch align-items-md-stretch align-items-stretch gutters-col-lg-0 gutters-col-md-0 gutters-col-0 gutters-col-v-lg-0 gutters-col-v-md-0 gutters-col-v-0\">\r\n        <!---->\r\n        <div class=\"h-column h-column-container d-flex h-col-lg-auto h-col-md-auto h-col-auto style-1621-outer style-local-75-c31-outer\">\r\n          <div data-colibri-id=\"75-c31\" class=\"d-flex h-flex-basis h-column__inner h-ui-empty-state-container h-px-lg-0 h-px-md-0 h-px-0 v-inner-lg-0 v-inner-md-0 v-inner-0 style-1621 style-local-75-c31 position-relative\">\r\n            <!---->\r\n            <!---->\r\n            <div class=\"w-100 h-y-container h-column__content h-column__v-align flex-basis-100\">\r\n              <!---->\r\n            <\/div>\r\n          <\/div>\r\n        <\/div>\r\n        <div class=\"h-column h-column-container d-flex h-col-lg-auto h-col-md-auto h-col-auto style-1622-outer style-local-75-c32-outer\">\r\n          <div data-colibri-id=\"75-c32\" class=\"d-flex h-flex-basis h-column__inner h-px-lg-2 h-px-md-2 h-px-2 v-inner-lg-2 v-inner-md-2 v-inner-2 style-1622 style-local-75-c32 position-relative\">\r\n            <!---->\r\n            <!---->\r\n            <div class=\"w-100 h-y-container h-column__content h-column__v-align flex-basis-100 align-self-lg-start align-self-md-start align-self-start\">\r\n              <!---->\r\n              <div data-colibri-id=\"75-c33\" class=\"h-global-transition-all h-heading style-1623 style-local-75-c33 position-relative h-element\">\r\n                <!---->\r\n                <div class=\"h-heading__outer style-1623 style-local-75-c33\">\r\n                  <!---->\r\n                  <!---->\r\n                  <h5 class=\"\">Gr\u00fcnes Zentrum<\/h5>\r\n                <\/div>\r\n              <\/div>\r\n              <div data-colibri-id=\"75-c34\" class=\"h-global-transition-all h-heading style-1624 style-local-75-c34 position-relative h-element\">\r\n                <!---->\r\n                <div class=\"h-heading__outer style-1624 style-local-75-c34\">\r\n                  <!---->\r\n                  <!---->\r\n                  <h4 class=\"\">Die agb ist Mitgliedsorganisation im Gr\u00fcnen Zentrum.&nbsp;Im Gr\u00fcnen Zentrum bieten berufsst\u00e4ndische Organisationen aus Niedersachsen ihren Kunden ein kompetentes, nutzenbringendes und kosteng\u00fcnstiges Beratungs- und Dienstleistungsangebot.<\/h4>\r\n                <\/div>\r\n              <\/div>\r\n              <div data-colibri-id=\"75-c35\" class=\"h-text h-text-component style-1625 style-local-75-c35 position-relative h-element\">\r\n                <!---->\r\n                <!---->\r\n                <div class=\"\">\r\n                  <p>Zur Website des Gr\u00fcnen Zentrums:&nbsp;<\/p>\r\n                  <p>\r\n                    <a href=\"https:\/\/gruenes-zentrum.de\" class=\"customize-unpreviewable\">https:\/\/gruenes-zentrum.de\/<\/a>\r\n                  <\/p>\r\n                <\/div>\r\n              <\/div>\r\n            <\/div>\r\n          <\/div>\r\n        <\/div>\r\n      <\/div>\r\n    <\/div>\r\n  <\/div>\r\n<\/div>\r\n<\/div>","protected":false},"excerpt":{"rendered":"<p>Stellenangebote Unsere Mitglieder sind st\u00e4ndig auf der Suche nach neuen Mitarbeitern. Werden Sie Teil von einem der tollen Teams! Zu den aktuellen Stellenangboten Beratung finden Finden Sie hier die richtige Beratung f\u00fcr Ihre Fragen zur Landwirtschaft und dem Gartenbau! Zu den Beratungsringen Kontakt Sie wollen mehr wissen oder snd auf der Suche nach einem bestimmten [&hellip;]<\/p>\n","protected":false},"author":1,"featured_media":0,"parent":0,"menu_order":0,"comment_status":"closed","ping_status":"closed","template":"page-templates\/homepage.php","meta":{"footnotes":""},"class_list":["post-75","page","type-page","status-publish","hentry"],"_links":{"self":[{"href":"https:\/\/beratungsringe-weser-ems.de\/index.php\/wp-json\/wp\/v2\/pages\/75","targetHints":{"allow":["GET"]}}],"collection":[{"href":"https:\/\/beratungsringe-weser-ems.de\/index.php\/wp-json\/wp\/v2\/pages"}],"about":[{"href":"https:\/\/beratungsringe-weser-ems.de\/index.php\/wp-json\/wp\/v2\/types\/page"}],"author":[{"embeddable":true,"href":"https:\/\/beratungsringe-weser-ems.de\/index.php\/wp-json\/wp\/v2\/users\/1"}],"replies":[{"embeddable":true,"href":"https:\/\/beratungsringe-weser-ems.de\/index.php\/wp-json\/wp\/v2\/comments?post=75"}],"version-history":[{"count":20,"href":"https:\/\/beratungsringe-weser-ems.de\/index.php\/wp-json\/wp\/v2\/pages\/75\/revisions"}],"predecessor-version":[{"id":3551,"href":"https:\/\/beratungsringe-weser-ems.de\/index.php\/wp-json\/wp\/v2\/pages\/75\/revisions\/3551"}],"wp:attachment":[{"href":"https:\/\/beratungsringe-weser-ems.de\/index.php\/wp-json\/wp\/v2\/media?parent=75"}],"curies":[{"name":"wp","href":"https:\/\/api.w.org\/{rel}","templated":true}]}}